{"id":251,"date":"2021-05-05T09:45:35","date_gmt":"2021-05-05T09:45:35","guid":{"rendered":"https:\/\/jardineriaportell.com\/politica-de-privacidad\/"},"modified":"2023-06-19T15:11:24","modified_gmt":"2023-06-19T15:11:24","slug":"politica-de-privacitat","status":"publish","type":"page","link":"https:\/\/jardineriaportell.com\/ca\/politica-de-privacitat\/","title":{"rendered":"Pol\u00edtica de privacitat"},"content":{"rendered":"\t\t<div data-elementor-type=\"wp-page\" data-elementor-id=\"251\" class=\"elementor elementor-251 elementor-209\">\n\t\t\t\t\t\t\t\t\t<section class=\"elementor-section elementor-top-section elementor-element elementor-element-ad154cc elementor-section-boxed elementor-section-height-default elementor-section-height-default\" data-id=\"ad154cc\" data-element_type=\"section\">\n\t\t\t\t\t\t<div class=\"elementor-container elementor-column-gap-default\">\n\t\t\t\t\t<div class=\"elementor-column elementor-col-100 elementor-top-column elementor-element elementor-element-0a8b157\" data-id=\"0a8b157\" data-element_type=\"column\">\n\t\t\t<div class=\"elementor-widget-wrap elementor-element-populated\">\n\t\t\t\t\t\t\t\t<div class=\"elementor-element elementor-element-8d6ed05 elementor-widget elementor-widget-text-editor\" data-id=\"8d6ed05\" data-element_type=\"widget\" data-widget_type=\"text-editor.default\">\n\t\t\t\t<div class=\"elementor-widget-container\">\n\t\t\t\t\t\t\t<h2>1. INFORMACI\u00d3 PER A L\u2019USUARI<\/h2><h4>\u00a0Qui \u00e9s el responsable del tractament de les teves dades personals?<\/h4><p><strong>JORDI PORTELL JARDINER, S.L. <\/strong>\u00e9s el RESPONSABLE del tractament de les dades personals de l\u2019USUARI i l\u2019informa que aquestes dades es tractaran de conformitat amb el que estableix el Reglament (UE) 2016\/679, de 27 d\u2019abril (GDPR), i la Llei Org\u00e0nica 3\/2018, de 5 de desembre (LOPDGDD).<\/p><h4>\u00bfPer a qu\u00e8 tractem les teves dades personals i perqu\u00e8 ho fem?<\/h4><p>Segons el formulari on h\u00e0gim obtingut les vostres dades personals, les tractarem de manera confidencial per assolir les finalitats seg\u00fcents:<\/p><p>En el formulari <strong>Contacte<\/strong><\/p><ul><li>Donar resposta a les consultes o qualsevol tipus de petici\u00f3 que faci l&#8217;usuari a trav\u00e9s de qualsevol de les formes de contacte que es posen a la seva disposici\u00f3 a la p\u00e0gina web del responsable. (per l&#8217;inter\u00e8s leg\u00edtim de l&#8217;responsable, art. 6.1.f GDPR)<\/li><li>Enviar comunicacions comercials publicit\u00e0ries per e-mail, fax, SMS, MMS, xarxes socials o qualsevol altre mitj\u00e0 electr\u00f2nic o f\u00edsic, present o futur, que permeti efectuar comunicacions comercials. Aquestes comunicacions s&#8217;han de fer per mitj\u00e0 del responsable i estan relacionades amb els seus productes i serveis, o amb els seus col\u00b7laboradors o prove\u00efdors, amb els quals hagi arribat a algun acord de promoci\u00f3. En aquest cas, els tercers no tindran mai acc\u00e9s a les dades personals. (pel consentiment de l&#8217;interessat, 6.1.a GDPR)<\/li><li>Efectuar an\u00e0lisis estad\u00edstiques i estudis de mercat. (<em>per<\/em> <em>l&#8217;inter\u00e8s<\/em> <em>leg\u00edtim<\/em> <em>de<\/em> <em>l&#8217;responsable,<\/em> <em>art.<\/em> <em>6.1.f<\/em> <em>GDPR<\/em>)<\/li><\/ul><h4>Durant quant de temps guardarem les teves dades personals?<\/h4><p><strong>\u00a0<\/strong>Es conservaran durant no m\u00e9s temps del necessari per mantenir la finalitat del tractament o mentre hi hagi prescripcions legals que en dictaminin la cust\u00f2dia i quan ja no sigui necessari per aquest motiu, se suprimiran amb mesures de seguretat adequades per garantir que les dades siguin anonimitzades o totalment destru\u00efdes.<\/p><h4>A qui facilitem les vostres dades personals?<\/h4><p>No es preveu cap comunicaci\u00f3 de dades personals a tercers excepte si fos necessari per al desenvolupament i execuci\u00f3 de les finalitats del tractament, als nostres prove\u00efdors de serveis relacionats amb comunicacions, amb els quals el RESPONSABLE ha formalitzat els contractes de confidencialitat i d\u2019encarregat de tractament exigits per la normativa vigent de privacitat.<\/p><h4>Quins s\u00f3n teus drets?<\/h4><p>Els drets que t\u00e9 l\u2019USUARI s\u00f3n:<\/p><ul><li>Dret a retirar el consentiment en qualsevol moment.<\/li><li>Dret d\u2019acc\u00e9s, rectificaci\u00f3, portabilitat i supressi\u00f3 de les vostres dades i de limitaci\u00f3 o oposici\u00f3 al seu tractament.<\/li><li>Dret a presentar una reclamaci\u00f3 davant l\u2019autoritat de control (www.aepd.es) si considera que el tractament no s\u2019ajusta a la normativa vigent.<\/li><\/ul><h4>Dades de contacte per exercir els seus drets:<\/h4><p>JORDI PORTELL JARDINER, S.L.. C\/ Migdia, 13 B A &#8211; 17485 Vila-sacra (Girona).<\/p><p>E-mail: <a href=\"mailto:jordi@jardineriaportell.com\">jordi@jardineriaportell.com<\/a><\/p><h3>2.\u00a0 CAR\u00c0CTER OBLIGATORI O FACULTATIU DE LA INFORMACI\u00d3 FACILITADA PER L\u2019USUARI<\/h3><p>Els USUARIS, per mitj\u00e0 de les caselles corresponents i la introducci\u00f3 de dades en els camps, marcats amb l\u2019asterisc (*) en el formulari de contacte o presentats en formularis de desc\u00e0rrega, accepten expressament i de manera lliure i inequ\u00edvoca, que les seves dades s\u00f3n necess\u00e0ries per atendre la seva petici\u00f3, per part del prestador, i que per tant la inclusi\u00f3 de les dades en els camps restants \u00e9s volunt\u00e0ria. L\u2019USUARI garanteix que les dades personals facilitades al RESPONSABLE s\u00f3n ver\u00eddiques i es fa responsable de comunicar-ne qualsevol modificaci\u00f3.<\/p><p>El RESPONSABLE informa que totes les dades sol\u00b7licitades a trav\u00e9s del lloc web s\u00f3n obligat\u00f2ries, ja que s\u00f3n necess\u00e0ries per a la prestaci\u00f3 d\u2019un servei \u00f2ptim a l\u2019USUARI. En cas que no es facilitin totes les dades, no es garanteix que la informaci\u00f3 i serveis facilitats s\u2019ajustin completament a les seves necessitats.<\/p><h3>3.\u00a0 MESURES DE SEGURETAT<\/h3><p>Que, de conformitat amb el que estableixen les normatives vigents en protecci\u00f3 de dades personals, el RESPONSABLE est\u00e0 complint amb totes les disposicions de les normatives GDPR i LOPDGDD per al tractament de les dades personals de la seva responsabilitat, i manifestament amb els principis descrits a l\u2019article 5 del GDPR, pels quals es tracten de manera l\u00edcita, lleial i transparent en relaci\u00f3 amb l\u2019interessat i adequades, pertinents i limitades al que \u00e9s necessari en relaci\u00f3 amb les finalitats per a les quals es tracten.<\/p><p>El RESPONSABLE garanteix que ha implementat pol\u00edtiques t\u00e8cniques i organitzatives apropiades per aplicar les mesures de seguretat que estableixen el GDPR i la LOPDGDD, amb la finalitat de protegir els drets i llibertats dels USUARIS i els ha comunicat la informaci\u00f3 adequada perqu\u00e8 puguin exercir-los.<\/p><p>Per a m\u00e9s informaci\u00f3 sobre les garanties de privacitat, pots adre\u00e7ar-te al RESPONSABLEa trav\u00e9s de JORDI PORTELL JARDINER, S.L.. C\/ Migdia, 13 B A &#8211; 17485 Vila-sacra (Girona).<\/p><p>E-mail: <a href=\"mailto:jordi@jardineriaportell.com\">jordi@jardineriaportell.com<\/a><\/p>\t\t\t\t\t\t<\/div>\n\t\t\t\t<\/div>\n\t\t\t\t\t<\/div>\n\t\t<\/div>\n\t\t\t\t\t\t\t<\/div>\n\t\t<\/section>\n\t\t\t\t\t\t\t<\/div>\n\t\t","protected":false},"excerpt":{"rendered":"<p>1. INFORMACI\u00d3 PER A L\u2019USUARI \u00a0Qui \u00e9s el responsable del tractament de les teves dades personals? JORDI PORTELL JARDINER, S.L. \u00e9s el RESPONSABLE del tractament de les dades personals de l\u2019USUARI i l\u2019informa que aquestes dades es tractaran de conformitat amb el que estableix el Reglament (UE) 2016\/679, de 27 d\u2019abril (GDPR), i la Llei &#8230; <a title=\"Pol\u00edtica de privacitat\" class=\"read-more\" href=\"https:\/\/jardineriaportell.com\/ca\/politica-de-privacitat\/\" aria-label=\"M\u00e9s sobre Pol\u00edtica de privacitat\">Llegiu m\u00e9s<\/a><\/p>\n","protected":false},"author":1,"featured_media":0,"parent":0,"menu_order":0,"comment_status":"closed","ping_status":"closed","template":"","meta":{"_mi_skip_tracking":false,"footnotes":""},"class_list":["post-251","page","type-page","status-publish"],"yoast_head":"<!-- This site is optimized with the Yoast SEO plugin v19.10 - https:\/\/yoast.com\/wordpress\/plugins\/seo\/ -->\n<title>Pol\u00edtica de privacitat - Jardineria Portell<\/title>\n<meta name=\"robots\" content=\"index, nofollow, max-snippet:-1, max-image-preview:large, max-video-preview:-1\" \/>\n<link rel=\"canonical\" href=\"https:\/\/jardineriaportell.com\/ca\/politica-de-privacitat\/\" \/>\n<meta property=\"og:locale\" content=\"ca_ES\" \/>\n<meta property=\"og:type\" content=\"article\" \/>\n<meta property=\"og:title\" content=\"Pol\u00edtica de privacitat - Jardineria Portell\" \/>\n<meta property=\"og:description\" content=\"1. INFORMACI\u00d3 PER A L\u2019USUARI \u00a0Qui \u00e9s el responsable del tractament de les teves dades personals? JORDI PORTELL JARDINER, S.L. \u00e9s el RESPONSABLE del tractament de les dades personals de l\u2019USUARI i l\u2019informa que aquestes dades es tractaran de conformitat amb el que estableix el Reglament (UE) 2016\/679, de 27 d\u2019abril (GDPR), i la Llei ... Llegiu m\u00e9s\" \/>\n<meta property=\"og:url\" content=\"https:\/\/jardineriaportell.com\/ca\/politica-de-privacitat\/\" \/>\n<meta property=\"og:site_name\" content=\"Jardineria Portell\" \/>\n<meta property=\"article:modified_time\" content=\"2023-06-19T15:11:24+00:00\" \/>\n<meta name=\"twitter:card\" content=\"summary_large_image\" \/>\n<meta name=\"twitter:label1\" content=\"Temps estimat de lectura\" \/>\n\t<meta name=\"twitter:data1\" content=\"6 minuts\" \/>\n<script type=\"application\/ld+json\" class=\"yoast-schema-graph\">{\"@context\":\"https:\/\/schema.org\",\"@graph\":[{\"@type\":\"WebPage\",\"@id\":\"https:\/\/jardineriaportell.com\/ca\/politica-de-privacitat\/\",\"url\":\"https:\/\/jardineriaportell.com\/ca\/politica-de-privacitat\/\",\"name\":\"Pol\u00edtica de privacitat - Jardineria Portell\",\"isPartOf\":{\"@id\":\"https:\/\/jardineriaportell.com\/ca\/#website\"},\"datePublished\":\"2021-05-05T09:45:35+00:00\",\"dateModified\":\"2023-06-19T15:11:24+00:00\",\"breadcrumb\":{\"@id\":\"https:\/\/jardineriaportell.com\/ca\/politica-de-privacitat\/#breadcrumb\"},\"inLanguage\":\"ca\",\"potentialAction\":[{\"@type\":\"ReadAction\",\"target\":[\"https:\/\/jardineriaportell.com\/ca\/politica-de-privacitat\/\"]}]},{\"@type\":\"BreadcrumbList\",\"@id\":\"https:\/\/jardineriaportell.com\/ca\/politica-de-privacitat\/#breadcrumb\",\"itemListElement\":[{\"@type\":\"ListItem\",\"position\":1,\"name\":\"Portada\",\"item\":\"https:\/\/jardineriaportell.com\/ca\/inici\/\"},{\"@type\":\"ListItem\",\"position\":2,\"name\":\"Pol\u00edtica de privacitat\"}]},{\"@type\":\"WebSite\",\"@id\":\"https:\/\/jardineriaportell.com\/ca\/#website\",\"url\":\"https:\/\/jardineriaportell.com\/ca\/\",\"name\":\"Jardineria Portell\",\"description\":\"Jardineria Portell\",\"publisher\":{\"@id\":\"https:\/\/jardineriaportell.com\/ca\/#organization\"},\"potentialAction\":[{\"@type\":\"SearchAction\",\"target\":{\"@type\":\"EntryPoint\",\"urlTemplate\":\"https:\/\/jardineriaportell.com\/ca\/?s={search_term_string}\"},\"query-input\":\"required name=search_term_string\"}],\"inLanguage\":\"ca\"},{\"@type\":\"Organization\",\"@id\":\"https:\/\/jardineriaportell.com\/ca\/#organization\",\"name\":\"Jardineria Portell\",\"url\":\"https:\/\/jardineriaportell.com\/ca\/\",\"logo\":{\"@type\":\"ImageObject\",\"inLanguage\":\"ca\",\"@id\":\"https:\/\/jardineriaportell.com\/ca\/#\/schema\/logo\/image\/\",\"url\":\"https:\/\/jardineriaportell.com\/wp-content\/uploads\/2021\/04\/logo_jardineria_portell.png\",\"contentUrl\":\"https:\/\/jardineriaportell.com\/wp-content\/uploads\/2021\/04\/logo_jardineria_portell.png\",\"width\":2005,\"height\":650,\"caption\":\"Jardineria Portell\"},\"image\":{\"@id\":\"https:\/\/jardineriaportell.com\/ca\/#\/schema\/logo\/image\/\"}}]}<\/script>\n<!-- \/ Yoast SEO plugin. -->","yoast_head_json":{"title":"Pol\u00edtica de privacitat - Jardineria Portell","robots":{"index":"index","follow":"nofollow","max-snippet":"max-snippet:-1","max-image-preview":"max-image-preview:large","max-video-preview":"max-video-preview:-1"},"canonical":"https:\/\/jardineriaportell.com\/ca\/politica-de-privacitat\/","og_locale":"ca_ES","og_type":"article","og_title":"Pol\u00edtica de privacitat - Jardineria Portell","og_description":"1. INFORMACI\u00d3 PER A L\u2019USUARI \u00a0Qui \u00e9s el responsable del tractament de les teves dades personals? JORDI PORTELL JARDINER, S.L. \u00e9s el RESPONSABLE del tractament de les dades personals de l\u2019USUARI i l\u2019informa que aquestes dades es tractaran de conformitat amb el que estableix el Reglament (UE) 2016\/679, de 27 d\u2019abril (GDPR), i la Llei ... Llegiu m\u00e9s","og_url":"https:\/\/jardineriaportell.com\/ca\/politica-de-privacitat\/","og_site_name":"Jardineria Portell","article_modified_time":"2023-06-19T15:11:24+00:00","twitter_card":"summary_large_image","twitter_misc":{"Temps estimat de lectura":"6 minuts"},"schema":{"@context":"https:\/\/schema.org","@graph":[{"@type":"WebPage","@id":"https:\/\/jardineriaportell.com\/ca\/politica-de-privacitat\/","url":"https:\/\/jardineriaportell.com\/ca\/politica-de-privacitat\/","name":"Pol\u00edtica de privacitat - Jardineria Portell","isPartOf":{"@id":"https:\/\/jardineriaportell.com\/ca\/#website"},"datePublished":"2021-05-05T09:45:35+00:00","dateModified":"2023-06-19T15:11:24+00:00","breadcrumb":{"@id":"https:\/\/jardineriaportell.com\/ca\/politica-de-privacitat\/#breadcrumb"},"inLanguage":"ca","potentialAction":[{"@type":"ReadAction","target":["https:\/\/jardineriaportell.com\/ca\/politica-de-privacitat\/"]}]},{"@type":"BreadcrumbList","@id":"https:\/\/jardineriaportell.com\/ca\/politica-de-privacitat\/#breadcrumb","itemListElement":[{"@type":"ListItem","position":1,"name":"Portada","item":"https:\/\/jardineriaportell.com\/ca\/inici\/"},{"@type":"ListItem","position":2,"name":"Pol\u00edtica de privacitat"}]},{"@type":"WebSite","@id":"https:\/\/jardineriaportell.com\/ca\/#website","url":"https:\/\/jardineriaportell.com\/ca\/","name":"Jardineria Portell","description":"Jardineria Portell","publisher":{"@id":"https:\/\/jardineriaportell.com\/ca\/#organization"},"potentialAction":[{"@type":"SearchAction","target":{"@type":"EntryPoint","urlTemplate":"https:\/\/jardineriaportell.com\/ca\/?s={search_term_string}"},"query-input":"required name=search_term_string"}],"inLanguage":"ca"},{"@type":"Organization","@id":"https:\/\/jardineriaportell.com\/ca\/#organization","name":"Jardineria Portell","url":"https:\/\/jardineriaportell.com\/ca\/","logo":{"@type":"ImageObject","inLanguage":"ca","@id":"https:\/\/jardineriaportell.com\/ca\/#\/schema\/logo\/image\/","url":"https:\/\/jardineriaportell.com\/wp-content\/uploads\/2021\/04\/logo_jardineria_portell.png","contentUrl":"https:\/\/jardineriaportell.com\/wp-content\/uploads\/2021\/04\/logo_jardineria_portell.png","width":2005,"height":650,"caption":"Jardineria Portell"},"image":{"@id":"https:\/\/jardineriaportell.com\/ca\/#\/schema\/logo\/image\/"}}]}},"_links":{"self":[{"href":"https:\/\/jardineriaportell.com\/ca\/wp-json\/wp\/v2\/pages\/251","targetHints":{"allow":["GET"]}}],"collection":[{"href":"https:\/\/jardineriaportell.com\/ca\/wp-json\/wp\/v2\/pages"}],"about":[{"href":"https:\/\/jardineriaportell.com\/ca\/wp-json\/wp\/v2\/types\/page"}],"author":[{"embeddable":true,"href":"https:\/\/jardineriaportell.com\/ca\/wp-json\/wp\/v2\/users\/1"}],"replies":[{"embeddable":true,"href":"https:\/\/jardineriaportell.com\/ca\/wp-json\/wp\/v2\/comments?post=251"}],"version-history":[{"count":7,"href":"https:\/\/jardineriaportell.com\/ca\/wp-json\/wp\/v2\/pages\/251\/revisions"}],"predecessor-version":[{"id":460,"href":"https:\/\/jardineriaportell.com\/ca\/wp-json\/wp\/v2\/pages\/251\/revisions\/460"}],"wp:attachment":[{"href":"https:\/\/jardineriaportell.com\/ca\/wp-json\/wp\/v2\/media?parent=251"}],"curies":[{"name":"wp","href":"https:\/\/api.w.org\/{rel}","templated":true}]}}