{"id":249,"date":"2021-05-05T09:59:28","date_gmt":"2021-05-05T09:59:28","guid":{"rendered":"https:\/\/jardineriaportell.com\/politica-de-cookies\/"},"modified":"2023-06-19T15:18:38","modified_gmt":"2023-06-19T15:18:38","slug":"politica-de-cookies","status":"publish","type":"page","link":"https:\/\/jardineriaportell.com\/ca\/politica-de-cookies\/","title":{"rendered":"Pol\u00edtica de cookies"},"content":{"rendered":"\t\t<div data-elementor-type=\"wp-page\" data-elementor-id=\"249\" class=\"elementor elementor-249 elementor-222\">\n\t\t\t\t\t\t\t\t\t<section class=\"elementor-section elementor-top-section elementor-element elementor-element-e169785 elementor-section-boxed elementor-section-height-default elementor-section-height-default\" data-id=\"e169785\" data-element_type=\"section\">\n\t\t\t\t\t\t<div class=\"elementor-container elementor-column-gap-default\">\n\t\t\t\t\t<div class=\"elementor-column elementor-col-100 elementor-top-column elementor-element elementor-element-4dfef6b\" data-id=\"4dfef6b\" data-element_type=\"column\">\n\t\t\t<div class=\"elementor-widget-wrap elementor-element-populated\">\n\t\t\t\t\t\t\t\t<div class=\"elementor-element elementor-element-b493823 elementor-widget elementor-widget-text-editor\" data-id=\"b493823\" data-element_type=\"widget\" data-widget_type=\"text-editor.default\">\n\t\t\t\t<div class=\"elementor-widget-container\">\n\t\t\t\t\t\t\t<h2 style=\"text-align: center;\">INFORMACI\u00d3 SOBRE COOKIES<\/h2><p>D\u2019acord amb la Llei 34\/2002, de 11 de juliol, de serveis de la societat de la informaci\u00f3 i de comer\u00e7 electr\u00f2nic (LSSI), en relaci\u00f3 amb el Reglament (UE) 2016\/679 de el Parlament Europeu i de Consell, de 27 de abril de 2016, General de Protecci\u00f3 de Dades (GDPR) i la Llei Org\u00e0nica 3\/2018, de 5 de desembre, de Protecci\u00f3 de Dades i Garantia dels Drets Digitals (LOPDGDD), \u00e9s obligat obtenir el consentiment expr\u00e9s de l\u2019usuari de totes les p\u00e0gines web que fan servir cookies prescindibles, abans que aquest navegui per elles.<\/p><h2 style=\"text-align: center;\">QU\u00c8 S\u00d3N LES COOKIES?<\/h2><p>Les <em>cookies <\/em>i altres tecnologies similars com ara local shared objects, flash <em>cookies <\/em>o p\u00edxels, s\u00f3n eines emprades pels servidors Web per emmagatzemar i recuperar informaci\u00f3 sobre els seus visitants, aix\u00ed com per oferir un correcte funcionament del lloc.<\/p><p>Mitjan\u00e7ant l\u2019\u00fas d\u2019aquests dispositius es permet al servidor Web recordar algunes dades referents a l\u2019usuari, com les seves prefer\u00e8ncies per a la visualitzaci\u00f3 de les p\u00e0gines d\u2019aquest servidor, nom i contrasenya, productes que m\u00e9s li interessen, etc.<\/p><h2 style=\"text-align: center;\"><em>COOKIES <\/em>AFECTADES PER LA NORMATIVA I COOKIES EXCEPTUADES<\/h2><p>Segons la directiva de la UE, les <em>cookies <\/em>que requereixen el consentiment informat per part de l\u2019usuari s\u00f3n les <em>cookies <\/em>anal\u00edtiques i les de publicitat i afiliaci\u00f3, i queden exceptuades les de car\u00e0cter t\u00e8cnic i les necess\u00e0ries per al funcionament del lloc web o la prestaci\u00f3 de serveis expressament sol\u00b7licitats per l\u2019usuari.<\/p><h3>TIPUS DE COOKIES<\/h3><p><strong>SEGONS LA FINALITAT<\/strong><\/p><ul><li><strong><em>Cookies <\/em>t\u00e8cniques i funcionals<\/strong>: s\u00f3n les que permeten a l\u2019usuari navegar a trav\u00e9s d\u2019una p\u00e0gina web, plataforma o aplicaci\u00f3 i utilitzar les diferents opcions o serveis que hi hagi<em>.<\/em><\/li><li><strong><em>Cookies <\/em>d\u2019an\u00e0lisi<\/strong>: s\u00f3n les que permeten al responsable d\u2019aquestes monitoritzar i analitzar el comportament dels usuaris dels llocs web als quals estan vinculats. La informaci\u00f3 recollida mitjan\u00e7ant aquest tipus de <em>cookies <\/em>s\u2019utilitza en el mesurament de l\u2019activitat dels llocs web, aplicaci\u00f3 o plataforma i per elaborar perfils de navegaci\u00f3 dels usuaris d\u2019aquests llocs, aplicacions i plataformes, per tal d\u2019introduir millores en funci\u00f3 de l\u2019an\u00e0lisi de les dades d\u2019\u00fas que fan els usuaris del servei.<\/li><li><strong><em>Cookies <\/em>publicit\u00e0ries: <\/strong>s\u00f3n aquelles que permeten gestionar, de la manera m\u00e9s efica\u00e7 possible, els espais publicitaris que, si escau, l\u2019editor hagi incl\u00f2s en una p\u00e0gina web, aplicaci\u00f3 o plataforma des de la qual presta el servei sol\u00b7licitat segons criteris com el contingut editat o la freq\u00fc\u00e8ncia en qu\u00e8 es mostren els anuncis.<\/li><li><strong><em>Cookies <\/em>de publicitat comportamental<\/strong>: recullen informaci\u00f3 sobre les prefer\u00e8ncies i eleccions personals de l\u2019usuari (<em>retargeting<\/em>) per permetre gestionar, de la manera m\u00e9s efica\u00e7 possible, els espais publicitaris que, si escau, l\u2019editor hagi incl\u00f2s en una p\u00e0gina web, aplicaci\u00f3 o plataforma des de la qual presta el servei sol\u00b7licitat.<\/li><li><strong><em>Cookies <\/em>socials<\/strong>: s\u00f3n aquelles que han estat instal\u00b7lades per les plataformes de xarxes socials en els serveis per permetre-us compartir contingut amb els vostres amics i xarxes. Les plataformes de mitjans socials tenen la capacitat de rastrejar la vostra activitat en l\u00ednia fora dels Serveis. Aix\u00f2 pot afectar el contingut i els missatges que veieu en altres serveis que visiteu.<\/li><li><strong><em>Cookies <\/em>d\u2019afiliats<\/strong>: permeten fer un seguiment de les visites procedents d\u2019altres webs, amb les quals el lloc web estableix un contracte d\u2019afiliaci\u00f3 (empreses d\u2019afiliaci\u00f3).<\/li><li><strong><em>Cookies <\/em><\/strong><strong>de seguretat<\/strong>: emmagatzemen informaci\u00f3 xifrada per evitar que les dades que s\u2019hi guarden siguin vulnerables a atacs maliciosos de tercers.<\/li><\/ul><p><strong>SEGONS LA PROPIETAT<\/strong><\/p><ul><li><strong><em>Cookies <\/em>pr\u00f2pies<\/strong>: s\u00f3n les que s\u2019envien a l\u2019equip terminal de l\u2019usuari des d\u2019un equip o domini gestionat pel propi editor i des del qual es proporciona el servei sol\u00b7licitat per l\u2019usuari.<\/li><li><strong><em>Cookies <\/em>de tercers: <\/strong>s\u00f3n les que s\u2019envien a l\u2019equip terminal de l\u2019usuari des d\u2019un equip o domini que no \u00e9s gestionat per l\u2019editor, sin\u00f3 per una altra entitat que tracta les dades obtingudes mitjan\u00e7ant les cookies.<\/li><\/ul><p><strong>SEGONS EL TERMINI DE CONSERVACI\u00d3<\/strong><\/p><ul><li><strong><em>Cookies <\/em><\/strong><strong>de sessi\u00f3: <\/strong>s\u00f3n un tipus de <em>cookies <\/em>dissenyades per obtenir i emmagatzemar dades mentre l\u2019usuari accedeix a una p\u00e0gina web.<\/li><li><strong><em>Cookies <\/em>persistents: <\/strong>s\u00f3n un tipus de cookies en qu\u00e8 les dades segueixen emmagatzemades en el terminal i poden ser accedides i tractades durant un per\u00edode definit pel responsable de la <em>cookie<\/em>, i que durar des d\u2019uns minuts a diversos anys.<\/li><\/ul><h2 style=\"text-align: center;\">TRACTAMENT DE DADES PERSONALS<\/h2><p>JORDI PORTELL JARDINER, S.L. \u00e9s el <strong>Responsable del tractament <\/strong>de les dades personals de l\u2019<strong>Interessat <\/strong>i l\u2019informa que aquestes dades es tractaran de conformitat amb el que estableix el Reglament (UE) 2016\/679, de 27 d\u2019abril de 2016 (GDPR), per la qual cosa se li facilita la seg\u00fcent informaci\u00f3 del tractament:<\/p><p><strong>Finalitats del tractament: <\/strong>segons s\u2019especifica en l\u2019apartat de <em>cookies <\/em>que s\u2019utilitzen en aquest lloc web.<\/p><p><strong>Legitimaci\u00f3 del tractament<\/strong>: llevat dels casos en qu\u00e8 resulti necessari per a la navegaci\u00f3 per la web, per consentiment de l\u2019interessat (art. 6.1 GDPR).<\/p><p><strong>Criteris de conservaci\u00f3 de les dades<\/strong>: segons s\u2019especifica en l\u2019apartat de <em>cookies <\/em>utilitzades al web.<\/p><p><strong>Comunicaci\u00f3 de les dades<\/strong>: no es comunicaran les dades a tercers, excepte en cookies propietat de tercers o per obligaci\u00f3 legal.<\/p><h3>Drets que t\u00e9 l\u2019Interessat:<\/h3><ul><li>Dret a retirar el consentiment en qualsevol<\/li><\/ul><p>Dret d\u2019acc\u00e9s, rectificaci\u00f3, portabilitat i supressi\u00f3 de les seves dades i de limitaci\u00f3 o oposici\u00f3 al seu tractament.<\/p><ul><li>Dret a presentar una reclamaci\u00f3 davant l\u2019Autoritat de control (www.aepd.es) si considera que el tractament no s\u2019ajusta a la normativa vigent.<\/li><\/ul><h3>Dades de contacte per exercir els seus drets:<\/h3><p>JORDI PORTELL JARDINER, S.L.. C\/ Migdia, 13 B A &#8211; 17485 Vila-sacra (Girona).<\/p><p>E-mail: <a href=\"mailto:jordi@jardineriaportell.com\">jordi@jardineriaportell.com<\/a><\/p><h2 style=\"text-align: center;\">COOKIES UTILITZADES EN AQUEST LLOC WEB<\/h2><h4 style=\"text-align: center;\"><strong>\u00a0COOKIES CONTROLADES PER L&#8217;EDITOR<\/strong><\/h4><h5><strong>T\u00e8cniques i funcional<\/strong><\/h5><table><tbody><tr><td width=\"122\"><strong>Propietat<\/strong><\/td><td width=\"109\"><strong>Cookie<\/strong><\/td><td width=\"314\"><strong>Finalitat<\/strong><\/td><td width=\"96\"><strong>Pla\u00e7<\/strong><\/td><\/tr><tr><td width=\"122\"><p><strong>\u00a0<\/strong><\/p><p>google.com<\/p><\/td><td width=\"109\"><p><strong>\u00a0<\/strong><\/p><p><strong><u>\u00a0 <\/u><\/strong><strong>Secure-ENID<\/strong><\/p><\/td><td width=\"314\">Cookie necess\u00e0ria per a la utilitzaci\u00f3 de les opcions i serveis de la p\u00e0gina web<\/td><td width=\"96\"><p><strong>\u00a0<\/strong><\/p><p>en un any<\/p><\/td><\/tr><tr><td width=\"122\">google.com<\/td><td width=\"109\"><strong>CONSENT<\/strong><\/td><td width=\"314\">Rastrejador de consentiment de cookies de Google<\/td><td width=\"96\">en un any<\/td><\/tr><tr><td width=\"122\"><p><strong>\u00a0<\/strong><\/p><p>google.com<\/p><\/td><td width=\"109\"><p><strong>\u00a0<\/strong><\/p><p><strong>SOCS<\/strong><\/p><\/td><td width=\"314\">Cookie necess\u00e0ria per a la utilitzaci\u00f3 de les opcions i serveis de la p\u00e0gina web<\/td><td width=\"96\"><p><strong>\u00a0<\/strong><\/p><p>en un any<\/p><\/td><\/tr><tr><td width=\"122\"><p><strong>\u00a0<\/strong><\/p><p>jardineriaportell.com<\/p><\/td><td width=\"109\"><p><strong>\u00a0<\/strong><\/p><p><strong>_gali<\/strong><\/p><\/td><td width=\"314\">Cookie necess\u00e0ria per a la utilitzaci\u00f3 de les opcions i serveis de la p\u00e0gina web<\/td><td width=\"96\"><p><strong>\u00a0<\/strong><\/p><p>Sessi\u00f3<\/p><\/td><\/tr><tr><td width=\"122\"><p><strong>\u00a0<\/strong><\/p><p>jardineriaportell.com<\/p><\/td><td width=\"109\"><strong>_gat_gtag_UA_19 6400982_1<\/strong><\/td><td width=\"314\">Cookie necess\u00e0ria per a la utilitzaci\u00f3 de les opcions i serveis de la p\u00e0gina web<\/td><td width=\"96\"><p><strong>\u00a0<\/strong><\/p><p>Sessi\u00f3<\/p><\/td><\/tr><tr><td width=\"122\"><p><strong>\u00a0<\/strong><\/p><p>jardineriaportell.com<\/p><\/td><td width=\"109\"><strong>cookieyes- consent<\/strong><\/td><td width=\"314\">Cookie necess\u00e0ria per a la utilitzaci\u00f3 de les opcions i serveis de la p\u00e0gina web<\/td><td width=\"96\"><p><strong>\u00a0<\/strong><\/p><p>en un any<\/p><\/td><\/tr><\/tbody><\/table><h5><strong>Anal\u00edtiques<\/strong><\/h5><table><tbody><tr><td width=\"122\"><strong>Propietat<\/strong><\/td><td width=\"109\"><strong>Cookie<\/strong><\/td><td width=\"314\"><strong>Finalitat<\/strong><\/td><td width=\"96\"><strong>Pla\u00e7<\/strong><\/td><\/tr><tr><td width=\"122\">jardineriaportell.com<\/td><td width=\"109\"><strong>_ga<\/strong><\/td><td width=\"314\">ID s&#8217;utilitza per identificar els usuaris<\/td><td width=\"96\">en un any<\/td><\/tr><tr><td width=\"122\"><p><strong>\u00a0<\/strong><\/p><p>jardineriaportell.com<\/p><\/td><td width=\"109\"><p><strong>\u00a0<\/strong><\/p><p><strong>_gid<\/strong><\/p><\/td><td width=\"314\">ID s&#8217;utilitza per identificar els usuaris durant 24 hores despr\u00e9s de l&#8217;\u00faltima activitat<\/td><td width=\"96\"><p><strong>\u00a0<\/strong><\/p><p>en 22 hores<\/p><\/td><\/tr><\/tbody><\/table><h4 style=\"text-align: center;\"><strong>COOKIES DE TERCERS\u00a0<\/strong><\/h4><p>Els serveis de tercers s\u00f3n aliens al control de l\u2019editor. Els prove\u00efdors poden modificar en qualsevol moment les seves condicions de servei, finalitat i \u00fas de les cookies, etc.<\/p><h5><strong>Prove\u00efdors externs d\u2019aquest lloc web:<\/strong><\/h5><table><tbody><tr><td width=\"173\"><strong>Editor<\/strong><\/td><td width=\"468\"><strong>Pol\u00edtica de privacitat<\/strong><\/td><\/tr><tr><td width=\"173\">Google Analytics<\/td><td width=\"468\"><a href=\"https:\/\/privacy.google.com\/take-control.html\">https:\/\/privacy.google.com\/take-control.html<\/a><\/td><\/tr><tr><td width=\"173\">Google<\/td><td width=\"468\"><a href=\"https:\/\/privacy.google.com\/take-control.html\">https:\/\/privacy.google.com\/take-control.html<\/a><\/td><\/tr><\/tbody><\/table><h4 style=\"text-align: center;\"><strong>PANELL DE CONFIGURACI\u00d3 DE COOKIES\u00a0<\/strong><\/h4><p>Des d\u2019aquest panell pot configurar les cookies que el lloc web pot instal\u00b7lar en el seu navegador, excepte les cookies t\u00e8cniques o funcionals que s\u00f3n necess\u00e0ries per a la navegaci\u00f3 i la utilitzaci\u00f3 de les diferents opcions o serveis que s\u2019ofereixen.<\/p><p style=\"text-align: center;\"><a class=\"cky-banner-element\" href=\"#\">Panell de cookies<\/a><\/p><table><tbody><tr><td colspan=\"3\" width=\"641\"><strong>COM GESTIONAR LES COOKIES DES DEL NAVEGADOR<\/strong><\/td><\/tr><tr><td colspan=\"2\" width=\"192\"><p><strong>Eliminar les cookies del dispositiu<\/strong><\/p><\/td><td width=\"449\"><p>Les cookies que ja es troben en un dispositiu es poden eliminar esborrant l\u2019historial del navegador, de manera que se suprimeixen les cookies de tots els llocs web visitats.<\/p><p>No obstant aix\u00f2, tamb\u00e9 es pot perdre part de la informaci\u00f3 desada (per exemple, les dades d\u2019inici de sessi\u00f3 o les prefer\u00e8ncies de lloc web).<\/p><\/td><\/tr><tr><td colspan=\"2\" width=\"192\"><strong>Gestionar<\/strong> <strong>les<\/strong> <strong>cookies <\/strong><strong>espec\u00edfiques del lloc<\/strong><\/td><td width=\"449\">Per tenir un control m\u00e9s prec\u00eds de les cookies espec\u00edfiques de cada lloc, els usuaris poden ajustar la seva configuraci\u00f3 de privacitat i cookies al navegador.<\/td><\/tr><tr><td colspan=\"2\" width=\"192\"><p><strong>Bloquejar<\/strong> <strong>les<\/strong> <strong>cookies<\/strong><\/p><\/td><td width=\"449\">Encara que la majoria dels navegadors moderns es poden configurar per evitar que s\u2019instal\u00b7lin cookies en els dispositius, aix\u00f2 pot obligar a ajustar manualment determinades prefer\u00e8ncies cada vegada que es visiti un lloc o p\u00e0gina. A m\u00e9s, alguns serveis i caracter\u00edstiques poden no funcionar correctament (per exemple, els inicis de sessi\u00f3 amb perfil).<\/td><\/tr><tr><td colspan=\"3\" width=\"641\"><strong>COM ELIMINAR LES COOKIES DELS NAVEGADORS M\u00c9S COMUNS<\/strong><\/td><\/tr><tr><td width=\"81\"><strong>Chrome<\/strong><\/td><td colspan=\"2\" width=\"560\"><a href=\"http:\/\/support.google.com\/chrome\/answer\/95647?hl=es\">http:\/\/support.google.com\/chrome\/answer\/95647?hl=es<\/a><\/td><\/tr><tr><td width=\"81\"><strong>Edge<\/strong><\/td><td colspan=\"2\" width=\"560\"><a href=\"https:\/\/support.microsoft.com\/es-es\/microsoft-edge\/eliminar-las-cookies-en-microsoft-edge-63947406-40ac-c3b8-57b9-2a946a29ae09\">https:\/\/support.microsoft.com\/es-es\/microsoft-edge\/eliminar-las-cookies-en-microsoft-edge-63947406-40ac-c3b8-57b9-2a946a29ae09<\/a><\/td><\/tr><tr><td width=\"81\"><strong>Explorer<\/strong><\/td><td colspan=\"2\" width=\"560\"><a href=\"https:\/\/support.microsoft.com\/es-es\/help\/278835\/how-to-delete-cookie-files-in-internet-explorer\">https:\/\/support.microsoft.com\/es-es\/help\/278835\/how-to-delete-cookie-files-in-internet-explorer<\/a><\/td><\/tr><tr><td width=\"81\"><strong>Firefox<\/strong><\/td><td colspan=\"2\" width=\"560\"><a href=\"https:\/\/www.mozilla.org\/es-ES\/privacy\/websites\/#cookies\">https:\/\/www.mozilla.org\/es-ES\/privacy\/websites\/#cookies<\/a><\/td><\/tr><tr><td width=\"81\"><strong>Safari<\/strong><\/td><td colspan=\"2\" width=\"560\"><a href=\"https:\/\/support.apple.com\/es-es\/guide\/safari\/sfri11471\/mac\">https:\/\/support.apple.com\/es-es\/guide\/safari\/sfri11471\/mac<\/a><\/td><\/tr><tr><td width=\"81\"><strong>Opera<\/strong><\/td><td colspan=\"2\" width=\"560\"><a href=\"https:\/\/help.opera.com\/en\/latest\/security-and-privacy\/#clearBrowsingData\">https:\/\/help.opera.com\/en\/latest\/security-and-privacy\/#clearBrowsingData<\/a><\/td><\/tr><tr><td width=\"81\">\u00a0<\/td><td width=\"111\">\u00a0<\/td><td width=\"449\">\u00a0<\/td><\/tr><\/tbody><\/table>\t\t\t\t\t\t<\/div>\n\t\t\t\t<\/div>\n\t\t\t\t\t<\/div>\n\t\t<\/div>\n\t\t\t\t\t\t\t<\/div>\n\t\t<\/section>\n\t\t\t\t\t\t\t<\/div>\n\t\t","protected":false},"excerpt":{"rendered":"<p>INFORMACI\u00d3 SOBRE COOKIES D\u2019acord amb la Llei 34\/2002, de 11 de juliol, de serveis de la societat de la informaci\u00f3 i de comer\u00e7 electr\u00f2nic (LSSI), en relaci\u00f3 amb el Reglament (UE) 2016\/679 de el Parlament Europeu i de Consell, de 27 de abril de 2016, General de Protecci\u00f3 de Dades (GDPR) i la Llei Org\u00e0nica &#8230; <a title=\"Pol\u00edtica de cookies\" class=\"read-more\" href=\"https:\/\/jardineriaportell.com\/ca\/politica-de-cookies\/\" aria-label=\"M\u00e9s sobre Pol\u00edtica de cookies\">Llegiu m\u00e9s<\/a><\/p>\n","protected":false},"author":1,"featured_media":0,"parent":0,"menu_order":0,"comment_status":"closed","ping_status":"closed","template":"","meta":{"_mi_skip_tracking":false,"footnotes":""},"class_list":["post-249","page","type-page","status-publish"],"yoast_head":"<!-- This site is optimized with the Yoast SEO plugin v19.10 - https:\/\/yoast.com\/wordpress\/plugins\/seo\/ -->\n<title>Pol\u00edtica de cookies - Jardineria Portell<\/title>\n<meta name=\"robots\" content=\"index, nofollow, max-snippet:-1, max-image-preview:large, max-video-preview:-1\" \/>\n<link rel=\"canonical\" href=\"https:\/\/jardineriaportell.com\/ca\/politica-de-cookies\/\" \/>\n<meta property=\"og:locale\" content=\"ca_ES\" \/>\n<meta property=\"og:type\" content=\"article\" \/>\n<meta property=\"og:title\" content=\"Pol\u00edtica de cookies - Jardineria Portell\" \/>\n<meta property=\"og:description\" content=\"INFORMACI\u00d3 SOBRE COOKIES D\u2019acord amb la Llei 34\/2002, de 11 de juliol, de serveis de la societat de la informaci\u00f3 i de comer\u00e7 electr\u00f2nic (LSSI), en relaci\u00f3 amb el Reglament (UE) 2016\/679 de el Parlament Europeu i de Consell, de 27 de abril de 2016, General de Protecci\u00f3 de Dades (GDPR) i la Llei Org\u00e0nica ... Llegiu m\u00e9s\" \/>\n<meta property=\"og:url\" content=\"https:\/\/jardineriaportell.com\/ca\/politica-de-cookies\/\" \/>\n<meta property=\"og:site_name\" content=\"Jardineria Portell\" \/>\n<meta property=\"article:modified_time\" content=\"2023-06-19T15:18:38+00:00\" \/>\n<meta name=\"twitter:card\" content=\"summary_large_image\" \/>\n<meta name=\"twitter:label1\" content=\"Temps estimat de lectura\" \/>\n\t<meta name=\"twitter:data1\" content=\"5 minuts\" \/>\n<script type=\"application\/ld+json\" class=\"yoast-schema-graph\">{\"@context\":\"https:\/\/schema.org\",\"@graph\":[{\"@type\":\"WebPage\",\"@id\":\"https:\/\/jardineriaportell.com\/ca\/politica-de-cookies\/\",\"url\":\"https:\/\/jardineriaportell.com\/ca\/politica-de-cookies\/\",\"name\":\"Pol\u00edtica de cookies - Jardineria Portell\",\"isPartOf\":{\"@id\":\"https:\/\/jardineriaportell.com\/ca\/#website\"},\"datePublished\":\"2021-05-05T09:59:28+00:00\",\"dateModified\":\"2023-06-19T15:18:38+00:00\",\"breadcrumb\":{\"@id\":\"https:\/\/jardineriaportell.com\/ca\/politica-de-cookies\/#breadcrumb\"},\"inLanguage\":\"ca\",\"potentialAction\":[{\"@type\":\"ReadAction\",\"target\":[\"https:\/\/jardineriaportell.com\/ca\/politica-de-cookies\/\"]}]},{\"@type\":\"BreadcrumbList\",\"@id\":\"https:\/\/jardineriaportell.com\/ca\/politica-de-cookies\/#breadcrumb\",\"itemListElement\":[{\"@type\":\"ListItem\",\"position\":1,\"name\":\"Portada\",\"item\":\"https:\/\/jardineriaportell.com\/ca\/inici\/\"},{\"@type\":\"ListItem\",\"position\":2,\"name\":\"Pol\u00edtica de cookies\"}]},{\"@type\":\"WebSite\",\"@id\":\"https:\/\/jardineriaportell.com\/ca\/#website\",\"url\":\"https:\/\/jardineriaportell.com\/ca\/\",\"name\":\"Jardineria Portell\",\"description\":\"Jardineria Portell\",\"publisher\":{\"@id\":\"https:\/\/jardineriaportell.com\/ca\/#organization\"},\"potentialAction\":[{\"@type\":\"SearchAction\",\"target\":{\"@type\":\"EntryPoint\",\"urlTemplate\":\"https:\/\/jardineriaportell.com\/ca\/?s={search_term_string}\"},\"query-input\":\"required name=search_term_string\"}],\"inLanguage\":\"ca\"},{\"@type\":\"Organization\",\"@id\":\"https:\/\/jardineriaportell.com\/ca\/#organization\",\"name\":\"Jardineria Portell\",\"url\":\"https:\/\/jardineriaportell.com\/ca\/\",\"logo\":{\"@type\":\"ImageObject\",\"inLanguage\":\"ca\",\"@id\":\"https:\/\/jardineriaportell.com\/ca\/#\/schema\/logo\/image\/\",\"url\":\"https:\/\/jardineriaportell.com\/wp-content\/uploads\/2021\/04\/logo_jardineria_portell.png\",\"contentUrl\":\"https:\/\/jardineriaportell.com\/wp-content\/uploads\/2021\/04\/logo_jardineria_portell.png\",\"width\":2005,\"height\":650,\"caption\":\"Jardineria Portell\"},\"image\":{\"@id\":\"https:\/\/jardineriaportell.com\/ca\/#\/schema\/logo\/image\/\"}}]}<\/script>\n<!-- \/ Yoast SEO plugin. -->","yoast_head_json":{"title":"Pol\u00edtica de cookies - Jardineria Portell","robots":{"index":"index","follow":"nofollow","max-snippet":"max-snippet:-1","max-image-preview":"max-image-preview:large","max-video-preview":"max-video-preview:-1"},"canonical":"https:\/\/jardineriaportell.com\/ca\/politica-de-cookies\/","og_locale":"ca_ES","og_type":"article","og_title":"Pol\u00edtica de cookies - Jardineria Portell","og_description":"INFORMACI\u00d3 SOBRE COOKIES D\u2019acord amb la Llei 34\/2002, de 11 de juliol, de serveis de la societat de la informaci\u00f3 i de comer\u00e7 electr\u00f2nic (LSSI), en relaci\u00f3 amb el Reglament (UE) 2016\/679 de el Parlament Europeu i de Consell, de 27 de abril de 2016, General de Protecci\u00f3 de Dades (GDPR) i la Llei Org\u00e0nica ... Llegiu m\u00e9s","og_url":"https:\/\/jardineriaportell.com\/ca\/politica-de-cookies\/","og_site_name":"Jardineria Portell","article_modified_time":"2023-06-19T15:18:38+00:00","twitter_card":"summary_large_image","twitter_misc":{"Temps estimat de lectura":"5 minuts"},"schema":{"@context":"https:\/\/schema.org","@graph":[{"@type":"WebPage","@id":"https:\/\/jardineriaportell.com\/ca\/politica-de-cookies\/","url":"https:\/\/jardineriaportell.com\/ca\/politica-de-cookies\/","name":"Pol\u00edtica de cookies - Jardineria Portell","isPartOf":{"@id":"https:\/\/jardineriaportell.com\/ca\/#website"},"datePublished":"2021-05-05T09:59:28+00:00","dateModified":"2023-06-19T15:18:38+00:00","breadcrumb":{"@id":"https:\/\/jardineriaportell.com\/ca\/politica-de-cookies\/#breadcrumb"},"inLanguage":"ca","potentialAction":[{"@type":"ReadAction","target":["https:\/\/jardineriaportell.com\/ca\/politica-de-cookies\/"]}]},{"@type":"BreadcrumbList","@id":"https:\/\/jardineriaportell.com\/ca\/politica-de-cookies\/#breadcrumb","itemListElement":[{"@type":"ListItem","position":1,"name":"Portada","item":"https:\/\/jardineriaportell.com\/ca\/inici\/"},{"@type":"ListItem","position":2,"name":"Pol\u00edtica de cookies"}]},{"@type":"WebSite","@id":"https:\/\/jardineriaportell.com\/ca\/#website","url":"https:\/\/jardineriaportell.com\/ca\/","name":"Jardineria Portell","description":"Jardineria Portell","publisher":{"@id":"https:\/\/jardineriaportell.com\/ca\/#organization"},"potentialAction":[{"@type":"SearchAction","target":{"@type":"EntryPoint","urlTemplate":"https:\/\/jardineriaportell.com\/ca\/?s={search_term_string}"},"query-input":"required name=search_term_string"}],"inLanguage":"ca"},{"@type":"Organization","@id":"https:\/\/jardineriaportell.com\/ca\/#organization","name":"Jardineria Portell","url":"https:\/\/jardineriaportell.com\/ca\/","logo":{"@type":"ImageObject","inLanguage":"ca","@id":"https:\/\/jardineriaportell.com\/ca\/#\/schema\/logo\/image\/","url":"https:\/\/jardineriaportell.com\/wp-content\/uploads\/2021\/04\/logo_jardineria_portell.png","contentUrl":"https:\/\/jardineriaportell.com\/wp-content\/uploads\/2021\/04\/logo_jardineria_portell.png","width":2005,"height":650,"caption":"Jardineria Portell"},"image":{"@id":"https:\/\/jardineriaportell.com\/ca\/#\/schema\/logo\/image\/"}}]}},"_links":{"self":[{"href":"https:\/\/jardineriaportell.com\/ca\/wp-json\/wp\/v2\/pages\/249","targetHints":{"allow":["GET"]}}],"collection":[{"href":"https:\/\/jardineriaportell.com\/ca\/wp-json\/wp\/v2\/pages"}],"about":[{"href":"https:\/\/jardineriaportell.com\/ca\/wp-json\/wp\/v2\/types\/page"}],"author":[{"embeddable":true,"href":"https:\/\/jardineriaportell.com\/ca\/wp-json\/wp\/v2\/users\/1"}],"replies":[{"embeddable":true,"href":"https:\/\/jardineriaportell.com\/ca\/wp-json\/wp\/v2\/comments?post=249"}],"version-history":[{"count":33,"href":"https:\/\/jardineriaportell.com\/ca\/wp-json\/wp\/v2\/pages\/249\/revisions"}],"predecessor-version":[{"id":466,"href":"https:\/\/jardineriaportell.com\/ca\/wp-json\/wp\/v2\/pages\/249\/revisions\/466"}],"wp:attachment":[{"href":"https:\/\/jardineriaportell.com\/ca\/wp-json\/wp\/v2\/media?parent=249"}],"curies":[{"name":"wp","href":"https:\/\/api.w.org\/{rel}","templated":true}]}}